{"id":821,"date":"2019-04-23T05:22:19","date_gmt":"2019-04-23T05:22:19","guid":{"rendered":"https:\/\/lumenimagen.com\/nuevo\/?page_id=821"},"modified":"2022-11-15T17:38:23","modified_gmt":"2022-11-15T17:38:23","slug":"servicios","status":"publish","type":"page","link":"https:\/\/lumenimagen.com\/nuevo\/servicios\/","title":{"rendered":"Servicios"},"content":{"rendered":"<p><small>Mejor Oferta<\/small><\/p>\n<h2>\n                 Nuestros Servicios            <\/h2>\n<p>         <!-- Section title --><br \/>\n                        <a href=\"https:\/\/lumenimagen.com\/nuevo\/service\/fabricacion-de-avisos-y-senalizacion\/\"><br \/>\n                           <img decoding=\"async\" src=\"https:\/\/lumenimagen.com\/nuevo\/wp-content\/uploads\/2019\/04\/FABRICACION-1024x683.jpg\" alt=\"Fabricaci\u00f3n de Avisos y Se\u00f1alizaci\u00f3n\"><br \/>\n                        <\/a><br \/>\n                        <i> <\/i><\/p>\n<h3><a href=\"https:\/\/lumenimagen.com\/nuevo\/service\/fabricacion-de-avisos-y-senalizacion\/\">Fabricaci\u00f3n de Avisos y Se\u00f1alizaci\u00f3n<\/a><\/h3>\n<\/p>\n<p>                        <a href=\"https:\/\/lumenimagen.com\/nuevo\/service\/imagen-corporativa\/\"><br \/>\n                           <img decoding=\"async\" src=\"https:\/\/lumenimagen.com\/nuevo\/wp-content\/uploads\/2022\/09\/Imagen-Corporativa-1-1024x683.jpg\" alt=\"Imagen Corporativa\"><br \/>\n                        <\/a><br \/>\n                        <i> <\/i><\/p>\n<h3><a href=\"https:\/\/lumenimagen.com\/nuevo\/service\/imagen-corporativa\/\">Imagen Corporativa<\/a><\/h3>\n<\/p>\n<p>                        <a href=\"https:\/\/lumenimagen.com\/nuevo\/service\/consultoria\/\"><br \/>\n                           <img decoding=\"async\" src=\"https:\/\/lumenimagen.com\/nuevo\/wp-content\/uploads\/2022\/09\/Consultoria-1024x683.jpg\" alt=\"Consultor\u00eda\"><br \/>\n                        <\/a><br \/>\n                        <i> <\/i><\/p>\n<h3><a href=\"https:\/\/lumenimagen.com\/nuevo\/service\/consultoria\/\">Consultor\u00eda<\/a><\/h3>\n<\/p>\n<p>                        <a href=\"https:\/\/lumenimagen.com\/nuevo\/service\/mantenimiento-de-imagen-de-eds\/\"><br \/>\n                           <img decoding=\"async\" src=\"https:\/\/lumenimagen.com\/nuevo\/wp-content\/uploads\/2022\/09\/MANT.-EDS-1024x683.jpg\" alt=\"Mantenimiento de Imagen de EDS\"><br \/>\n                        <\/a><br \/>\n                        <i> <\/i><\/p>\n<h3><a href=\"https:\/\/lumenimagen.com\/nuevo\/service\/mantenimiento-de-imagen-de-eds\/\">Mantenimiento de Imagen de EDS<\/a><\/h3>\n<\/p>\n<p>                        <a href=\"https:\/\/lumenimagen.com\/nuevo\/service\/mantenimiento-de-avisos\/\"><br \/>\n                           <img decoding=\"async\" src=\"https:\/\/lumenimagen.com\/nuevo\/wp-content\/uploads\/2022\/09\/MANT.-AVISO-1024x683.jpg\" alt=\"Mantenimiento de Avisos\"><br \/>\n                        <\/a><br \/>\n                        <i> <\/i><\/p>\n<h3><a href=\"https:\/\/lumenimagen.com\/nuevo\/service\/mantenimiento-de-avisos\/\">Mantenimiento de Avisos<\/a><\/h3>\n<\/p>\n<p>                        <a href=\"https:\/\/lumenimagen.com\/nuevo\/service\/servicios-complementarios\/\"><br \/>\n                           <img decoding=\"async\" src=\"https:\/\/lumenimagen.com\/nuevo\/wp-content\/uploads\/2022\/09\/SERV-COMPLEMENTO-1024x683.jpg\" alt=\"Servicios Complementarios\"><br \/>\n                        <\/a><br \/>\n                        <i> <\/i><\/p>\n<h3><a href=\"https:\/\/lumenimagen.com\/nuevo\/service\/servicios-complementarios\/\">Servicios Complementarios<\/a><\/h3>\n<\/p>\n<p>                  <small>Visi\u00f3n<\/small><\/p>\n<h2>\n                 Construimos el futuro juntos            <\/h2>\n<p>         <!-- Section title --><br \/>\n\t\t\t<a href=\"#\" role=\"button\"><br \/>\n\t\t\t\t\t\tLeer m\u00e1s<br \/>\n\t\t\t\t\t<\/a><br \/>\n                  <small>Categor\u00edas<\/small><\/p>\n<h2>\n                 Proyectos por Categor\u00edas            <\/h2>\n<p>         <!-- Section title --><br \/>\n\t\tSomos una empresa del sector de la industria gr\u00e1fica con 11 a\u00f1os<br \/>\nde experiencia en el mercado de la producci\u00f3n gr\u00e1fica<br \/>\nespecializados en los proyectos de suministro y mantenimiento.<br \/>\n                                             <i> <\/i><\/p>\n<h4>Estaciones de Servicio<\/h4>\n<p>                                                               <i> <\/i><\/p>\n<h4>Estaciones de Servicio<\/h4>\n<p>Lumen Graphics<\/p>\n<p>                                    <a href=\"https:\/\/lumenimagen.com\/nuevo\/project\/estaciones-de-servicio\/\">Leer M\u00e1s<\/a><br \/>\n                                                         <!-- Project info content --><br \/>\n                     <!-- Projection info end --><br \/>\n                <!-- Single Project end --><br \/>\n            <!-- col end --><br \/>\n                                             <i> <\/i><\/p>\n<h4>Financiero<\/h4>\n<p>                                                               <i> <\/i><\/p>\n<h4>Financiero<\/h4>\n<p>Lumen Graphics<\/p>\n<p>                                    <a href=\"https:\/\/lumenimagen.com\/nuevo\/project\/financiero\/\">Leer M\u00e1s<\/a><br \/>\n                                                         <!-- Project info content --><br \/>\n                     <!-- Projection info end --><br \/>\n                <!-- Single Project end --><br \/>\n            <!-- col end --><br \/>\n                                             <i> <\/i><\/p>\n<h4>Grandes Superficies<\/h4>\n<p>                                                               <i> <\/i><\/p>\n<h4>Grandes Superficies<\/h4>\n<p>Lumen Graphics<\/p>\n<p>                                    <a href=\"https:\/\/lumenimagen.com\/nuevo\/project\/grandes-superficies\/\">Leer M\u00e1s<\/a><br \/>\n                                                         <!-- Project info content --><br \/>\n                     <!-- Projection info end --><br \/>\n                <!-- Single Project end --><br \/>\n            <!-- col end --><br \/>\n                                             <i> <\/i><\/p>\n<h4>Salud<\/h4>\n<p>                                                               <i> <\/i><\/p>\n<h4>Salud<\/h4>\n<p>Lumen Graphics<\/p>\n<p>                                    <a href=\"https:\/\/lumenimagen.com\/nuevo\/project\/salud\/\">Leer M\u00e1s<\/a><br \/>\n                                                         <!-- Project info content --><br \/>\n                     <!-- Projection info end --><br \/>\n                <!-- Single Project end --><br \/>\n            <!-- col end --><br \/>\n      <!-- ts-features end --><\/p>\n<figure><img decoding=\"async\" src=\"https:\/\/lumenimagen.com\/nuevo\/wp-content\/uploads\/2022\/03\/Clientes_Zeuss.svg\" alt=\"Clientes_Zeuss\" \/><\/figure>\n<figure><img decoding=\"async\" src=\"https:\/\/lumenimagen.com\/nuevo\/wp-content\/uploads\/2022\/03\/Clientes_Texaco.svg\" alt=\"Clientes_Texaco\" \/><\/figure>\n<figure><img decoding=\"async\" src=\"https:\/\/lumenimagen.com\/nuevo\/wp-content\/uploads\/2022\/03\/Clientes_Shell.svg\" alt=\"Clientes_Shell\" \/><\/figure>\n<figure><img decoding=\"async\" src=\"https:\/\/lumenimagen.com\/nuevo\/wp-content\/uploads\/2022\/03\/Clientes_Primax.svg\" alt=\"Clientes_Primax\" \/><\/figure>\n<figure><img decoding=\"async\" src=\"https:\/\/lumenimagen.com\/nuevo\/wp-content\/uploads\/2022\/03\/Clientes_Petrommil.svg\" alt=\"Clientes_Petrommil\" \/><\/figure>\n<figure><img decoding=\"async\" src=\"https:\/\/lumenimagen.com\/nuevo\/wp-content\/uploads\/2022\/03\/Clientes_Parque-Alegra.svg\" alt=\"Clientes_Parque Alegra\" \/><\/figure>\n<figure><img decoding=\"async\" src=\"https:\/\/lumenimagen.com\/nuevo\/wp-content\/uploads\/2022\/03\/Clientes_Olimpica.svg\" alt=\"Clientes_Olimpica\" \/><\/figure>\n<figure><img decoding=\"async\" src=\"https:\/\/lumenimagen.com\/nuevo\/wp-content\/uploads\/2022\/03\/Clientes_Grupo-Coomeva.svg\" alt=\"Clientes_Grupo Coomeva\" \/><\/figure>\n<figure><img decoding=\"async\" src=\"https:\/\/lumenimagen.com\/nuevo\/wp-content\/uploads\/2022\/03\/Clientes_Estinsa.svg\" alt=\"Clientes_Estinsa\" \/><\/figure>\n<figure><img decoding=\"async\" src=\"https:\/\/lumenimagen.com\/nuevo\/wp-content\/uploads\/2022\/03\/Clientes_Ecos.svg\" alt=\"Clientes_Ecos\" \/><\/figure>\n<figure><img decoding=\"async\" src=\"https:\/\/lumenimagen.com\/nuevo\/wp-content\/uploads\/2022\/03\/Clientes_Distracom.svg\" alt=\"Clientes_Distracom\" \/><\/figure>\n<figure><img decoding=\"async\" src=\"https:\/\/lumenimagen.com\/nuevo\/wp-content\/uploads\/2022\/03\/Clientes_Delta.svg\" alt=\"Clientes_Delta\" \/><\/figure>\n<figure><img decoding=\"async\" src=\"https:\/\/lumenimagen.com\/nuevo\/wp-content\/uploads\/2022\/03\/Clientes_Decorceramica.svg\" alt=\"Clientes_Decorceramica\" \/><\/figure>\n<figure><img decoding=\"async\" src=\"https:\/\/lumenimagen.com\/nuevo\/wp-content\/uploads\/2022\/03\/Clientes_Combuscol.svg\" alt=\"Clientes_Combuscol\" \/><\/figure>\n<figure><img decoding=\"async\" src=\"https:\/\/lumenimagen.com\/nuevo\/wp-content\/uploads\/2022\/03\/Clientes_Colchones-Romance-Relax.svg\" alt=\"Clientes_Colchones Romance Relax\" \/><\/figure>\n<figure><img decoding=\"async\" src=\"https:\/\/lumenimagen.com\/nuevo\/wp-content\/uploads\/2022\/03\/Clientes_Christus-Sinergia.svg\" alt=\"Clientes_Christus Sinergia\" \/><\/figure>\n<figure><img decoding=\"async\" src=\"https:\/\/lumenimagen.com\/nuevo\/wp-content\/uploads\/2022\/03\/Clientes_Brio.svg\" alt=\"Clientes_Brio\" \/><\/figure>\n<figure><img decoding=\"async\" src=\"https:\/\/lumenimagen.com\/nuevo\/wp-content\/uploads\/2022\/03\/Clientes_Biomax.svg\" alt=\"Clientes_Biomax\" \/><\/figure>\n<figure><img decoding=\"async\" src=\"https:\/\/lumenimagen.com\/nuevo\/wp-content\/uploads\/2022\/03\/Clientes_BBVA.svg\" alt=\"Clientes_BBVA\" \/><\/figure>\n<figure><img decoding=\"async\" src=\"https:\/\/lumenimagen.com\/nuevo\/wp-content\/uploads\/2022\/03\/Clientes_Bancolombia.svg\" alt=\"Clientes_Bancolombia\" \/><\/figure>\n<figure><img decoding=\"async\" src=\"https:\/\/lumenimagen.com\/nuevo\/wp-content\/uploads\/2022\/03\/Clientes_Banco-W.svg\" alt=\"Clientes_Banco W\" \/><\/figure>\n<figure><img decoding=\"async\" src=\"https:\/\/lumenimagen.com\/nuevo\/wp-content\/uploads\/2022\/03\/Clientes_Banco-de-Bogota.svg\" alt=\"Clientes_Banco de Bogota\" \/><\/figure>\n<figure><img decoding=\"async\" src=\"https:\/\/lumenimagen.com\/nuevo\/wp-content\/uploads\/2022\/03\/Clientes_Banco-Agrario-de-Colombia.svg\" alt=\"Clientes_Banco Agrario de Colombia\" \/><\/figure>\n<figure><img decoding=\"async\" src=\"https:\/\/lumenimagen.com\/nuevo\/wp-content\/uploads\/2022\/03\/Clientes_3M.svg\" alt=\"Clientes_3M\" \/><\/figure>\n","protected":false},"excerpt":{"rendered":"<p>Mejor Oferta Nuestros Servicios Fabricaci\u00f3n de Avisos y Se\u00f1alizaci\u00f3n Imagen Corporativa Consultor\u00eda Mantenimiento de Imagen de EDS Mantenimiento de Avisos Servicios Complementarios Visi\u00f3n Construimos el futuro juntos Leer m\u00e1s Categor\u00edas Proyectos por Categor\u00edas Somos una empresa del sector de la industria gr\u00e1fica con 11 a\u00f1os de experiencia en el mercado de la producci\u00f3n gr\u00e1fica especializados [&hellip;]<\/p>\n","protected":false},"author":2,"featured_media":0,"parent":0,"menu_order":0,"comment_status":"closed","ping_status":"closed","template":"template\/full-width-template.php","meta":{"om_disable_all_campaigns":false,"inline_featured_image":false,"footnotes":""},"class_list":["post-821","page","type-page","status-publish","hentry"],"_links":{"self":[{"href":"https:\/\/lumenimagen.com\/nuevo\/wp-json\/wp\/v2\/pages\/821","targetHints":{"allow":["GET"]}}],"collection":[{"href":"https:\/\/lumenimagen.com\/nuevo\/wp-json\/wp\/v2\/pages"}],"about":[{"href":"https:\/\/lumenimagen.com\/nuevo\/wp-json\/wp\/v2\/types\/page"}],"author":[{"embeddable":true,"href":"https:\/\/lumenimagen.com\/nuevo\/wp-json\/wp\/v2\/users\/2"}],"replies":[{"embeddable":true,"href":"https:\/\/lumenimagen.com\/nuevo\/wp-json\/wp\/v2\/comments?post=821"}],"version-history":[{"count":41,"href":"https:\/\/lumenimagen.com\/nuevo\/wp-json\/wp\/v2\/pages\/821\/revisions"}],"predecessor-version":[{"id":3053,"href":"https:\/\/lumenimagen.com\/nuevo\/wp-json\/wp\/v2\/pages\/821\/revisions\/3053"}],"wp:attachment":[{"href":"https:\/\/lumenimagen.com\/nuevo\/wp-json\/wp\/v2\/media?parent=821"}],"curies":[{"name":"wp","href":"https:\/\/api.w.org\/{rel}","templated":true}]}}