{"id":751,"date":"2019-04-21T11:47:56","date_gmt":"2019-04-21T11:47:56","guid":{"rendered":"https:\/\/lumenimagen.com\/nuevo\/?page_id=751"},"modified":"2024-09-18T04:48:55","modified_gmt":"2024-09-18T04:48:55","slug":"nosotros","status":"publish","type":"page","link":"https:\/\/lumenimagen.com\/nuevo\/nosotros\/","title":{"rendered":"Nosotros"},"content":{"rendered":"<p><small>Sobre Nosotros<\/small><\/p>\n<h2>\n                 Nuestra Historia            <\/h2>\n<p>         <!-- Section title --><br \/>\n\t\tSomos una empresa l\u00edder del sector de la industria gr\u00e1fica con 12 a\u00f1os de experiencia, brindando acompa\u00f1amiento y apoyo en la identidad corporativa de nuestros clientes, a la par de la innovaci\u00f3n tecnol\u00f3gica, creatividad y seguridad.<br \/>\n\t\t\t<a href=\"#historia\"><br \/>\n\t\t\t\t\t\t\t\t\tLeer m\u00e1s<br \/>\n\t\t\t\t\t<\/a><\/p>\n<h3>Hoy te invitamos<\/h3>\n<p>\n                       A hacer parte de nuestro equipo, de nuestra familia y empezar a edificar su historia con nosotros.\n                  <\/p>\n<p>            <!-- end single about images --><br \/>\n                  <small>Sobre nosotros<\/small><\/p>\n<h2>\n                 Construimos el Futuro a tu lado            <\/h2>\n<p>         <!-- Section title --><br \/>\n\t\t\t<a href=\"#\"><br \/>\n\t\t\t\t\t\t\t\t\tLeer m\u00e1s<br \/>\n\t\t\t\t\t<\/a><br \/>\n                  <small>Sobre Nosotros<\/small><\/p>\n<h2>\n                 Nuestra Historia            <\/h2>\n<p>         <!-- Section title --><br \/>\n         <!-- end row --><br \/>\n              <!-- Wrapper for slides --><\/p>\n<p>\n                                    Creaci\u00f3n                                 <\/p>\n<h2>\n                                    Nuestros inicios                                 <\/h2>\n<p>                                    Lumen Graphics es registrada jur\u00eddicamente en la ciudad de Barranquilla. Inicia sus operaciones con oficinas en el primer piso del edificio Borelly, como una empresa dedicada al mantenimiento el\u00e9ctrico de avisos y letreros publicitarios con el prop\u00f3sito de mejorar la imagen gr\u00e1fica del sector empresarial a nivel local y regional.<br \/>\n                     <!-- End off item--><\/p>\n<p>\n                                    Expansi\u00f3n                                 <\/p>\n<h2>\n                                    Comienza la expansi\u00f3n                                 <\/h2>\n<p>                                    Sucede la primera expansi\u00f3n a una planta con 650 metros cuadrados.<\/p>\n<p>Al mismo tiempo, comienzan a explorar nuevos servicios como la fabricaci\u00f3n y mantenimiento de todo tipo de avisos exteriores, como cajas de luz, avisos volum\u00e9tricos en acr\u00edlico, avisos en polipropileno, avisos estructurados en aluminio y avisos especiales de materiales p\u00e9treos, bronce, acero, cobre y tallados en piedra y madera, as\u00ed como se\u00f1alizaciones industriales, comerciales, viales y de seguridad elaboradas con materiales perdurables.<br \/>\n                     <!-- End off item--><\/p>\n<p>\n                                    New office                                 <\/p>\n<h2>\n                                    Comienza la internacionalizaci\u00f3n                                 <\/h2>\n<p>Lumen Graphics extiende sus instalaciones a la ciudad de Santiago de Cali, con una primera bodega de 200 metros cuadrados de instalaciones donde se inicia la preparaci\u00f3n de un equipo de instalaciones para esta nueva zona del pa\u00eds.<\/p>\n<p>Mientras en Barranquilla se inician proyectos de gran envergadura en las primeras estaciones de servicio, fabricando cerramientos especiales y avisos volum\u00e9tricos iluminados para canopy.<\/p>\n<p>                     <!-- End off item--><\/p>\n<p>\n                                    Nueva planta                                 <\/p>\n<h2>\n                                    M\u00e1s espacio y mejor producci\u00f3n                                 <\/h2>\n<p>En Barranquilla, Lumen Graphics contin\u00faa su expansi\u00f3n y mud\u00f3 sus instalaciones a una nueva ubicaci\u00f3n con una infraestructura de 1.200 metros cuadrados que permite mayor espacio para el mejoramiento de las diferentes l\u00edneas de producci\u00f3n para llegar a una entrega de productos de excelente calidad y mayores dimensiones.<\/p>\n<p>                     <!-- End off item--><\/p>\n<p>\n                                    Mejor log\u00edstica                                 <\/p>\n<h2>\n                                    Aumenta el talento humano                                 <\/h2>\n<p>                                    Lumen sigue avanzando y expande su talento humano y pasa a contar con un equipo de m\u00e1s de 200 empleados conformado por profesionales en el campo de la construcci\u00f3n y supervisi\u00f3n de proyectos de mayor cobertura.<\/p>\n<p>La sede Suroccidente se traslada a una nueva planta con 3400 metros cuadrados, con una log\u00edstica adecuada, mayor calidad y agilidad del trabajo para proyectos futuros de gran escala.<br \/>\n                     <!-- End off item--><\/p>\n<p>\n                                    Estaciones de servicio                                 <\/p>\n<h2>\n                                    L\u00edderes en el mercado                                 <\/h2>\n<p>                                    Para la fecha, Lumen Graphics ha ejecutado el rebranding de m\u00e1s de 500 estaciones en el territorio nacional, en algunos con ejecuci\u00f3n 100% tanto de instalaci\u00f3n, como de fabricaci\u00f3n de elementos visuales como avisos de precios, volum\u00e9tricos, recubrimiento de fascias, decoraci\u00f3n de equipos y fachadas, y en otros con la recepci\u00f3n, log\u00edstica y almacenamiento de productos provenientes de otros pa\u00edses para su instalaci\u00f3n.<br \/>\n                     <!-- End off item--><\/p>\n<p>\n                                    Nueva expansi\u00f3n                                 <\/p>\n<h2>\n                                    Seguimos creciendo                                 <\/h2>\n<p>                                    Lumen inicia su expansi\u00f3n internacional con Proyectos en Panam\u00e1 y Puerto Rico con productos especializados para estaciones de servicio.<\/p>\n<p>Adquisici\u00f3n de otra planta de un poco m\u00e1s de 10.000 metros cuadrados con el objetivo de incrementar nuestra capacidad de fabricaci\u00f3n y estrat\u00e9gicamente estaremos a pocos minutos del puerto de Barranquilla y aeropuerto internacional v\u00eda al puerto de Cartagena.<br \/>\n                     <!-- End off item--><\/p>\n<p>\n                                    Proyecci\u00f3n                                 <\/p>\n<h2>\n                                    Miramos al futuro                                 <\/h2>\n<p>                                    Lumen  proyecta su expansi\u00f3n  a corto y mediano plazo,  extendiendo y consolidando sus productos y servicios en el  creciente mercado internacional, a pa\u00edses como Panam\u00e1, Puerto Rico, Per\u00fa y Ecuador, enfoc\u00e1ndose y especializ\u00e1ndose  en la fabricaci\u00f3n de suplementos gr\u00e1ficos  e identidad corporativa para estaciones de servicio.<br \/>\n                     <!-- End off item--><br \/>\n              <!-- End off carusel inner --><br \/>\n              <!-- Indicators --><\/p>\n<ol>\n<li data-target=\"#history-slid\" data-slide-to=\"0\"> 2010 <\/li>\n<li data-target=\"#history-slid\" data-slide-to=\"1\"> 2014 <\/li>\n<li data-target=\"#history-slid\" data-slide-to=\"2\"> 2016 <\/li>\n<li data-target=\"#history-slid\" data-slide-to=\"3\"> 2018 <\/li>\n<li data-target=\"#history-slid\" data-slide-to=\"4\"> 2019 <\/li>\n<li data-target=\"#history-slid\" data-slide-to=\"5\"> 2021 <\/li>\n<li data-target=\"#history-slid\" data-slide-to=\"6\"> 2022 <\/li>\n<li data-target=\"#history-slid\" data-slide-to=\"7\"> 2030 <\/li>\n<\/ol>\n<p>                  <small>Nuestro Equipo<\/small><\/p>\n<h2>\n                 Talento Humano de Calidad            <\/h2>\n<p>         <!-- Section title --><br \/>\n                        <img decoding=\"async\" src=\"https:\/\/lumenimagen.com\/nuevo\/wp-content\/uploads\/2019\/04\/Administrativo.jpg\" alt=\"Equipo Administrativo\"><\/p>\n<h4>Equipo Administrativo<\/h4>\n<p>EN OFICINA<\/p>\n<p>                  <!-- end team social --><br \/>\n               <!-- end ts team info --><br \/>\n                        <img decoding=\"async\" src=\"https:\/\/lumenimagen.com\/nuevo\/wp-content\/uploads\/2019\/04\/Operativo-en-campo.jpeg\" alt=\"Equipo Operativo en Campo\"><\/p>\n<h4>Equipo Operativo en Campo<\/h4>\n<p>EN CAMPO<\/p>\n<p>                  <!-- end team social --><br \/>\n               <!-- end ts team info --><br \/>\n                        <img decoding=\"async\" src=\"https:\/\/lumenimagen.com\/nuevo\/wp-content\/uploads\/2019\/04\/Operativo-en-planta.jpg\" alt=\"Equipo Operativo en Planta\"><\/p>\n<h4>Equipo Operativo en Planta<\/h4>\n<p>EN PLANTA<\/p>\n<p>                  <!-- end team social --><br \/>\n               <!-- end ts team info --><\/p>\n<h2>\n                 Comprometidos con el crecimiento sostenible            <\/h2>\n<p>         <!-- Section title --><br \/>\n\t\tDise\u00f1amos, producimos e instalamos cada pieza con una visi\u00f3n transversal de crecimiento sostenible que convierta espacios normales en escenarios de valor.\t\t<\/p>\n<h3>\n\t\t\t\t\t\t\tMejores Materiales<br \/>\n\t\t\t\t\t<\/h3>\n<h3>\n\t\t\t\t\t\t\tTecnolog\u00eda Vanguardista<br \/>\n\t\t\t\t\t<\/h3>\n<h3>\n\t\t\t\t\t\t\tDise\u00f1o Moderno<br \/>\n\t\t\t\t\t<\/h3>\n<h3>\n\t\t\t\t\t\t\tProfesionales Calificados<br \/>\n\t\t\t\t\t<\/h3>\n<p>                  <small>SERVICIO INTERNACIONAL<\/small><\/p>\n<h2>\n                 Nuestras Sucursales            <\/h2>\n<p>         <!-- Section title --><br \/>\n            <img decoding=\"async\" src=\"https:\/\/lumenimagen.com\/nuevo\/wp-content\/themes\/induxo\/assets\/images\/map.png\" alt=\"map \"><br \/>\n               Colombia<\/h2>\n<p class='location-des'> Soledad<br \/>Calle 30 KM 7 260 Carretera Aeropuerto Municipio de Soledad (Atl).<br \/>\nCali<br \/>Calle 58 Norte No 1 N &#8211; 15 Flora Industrial <\/p>\n<p class='location-des'> Tel:  +57 310 485 7716<br \/>Email: coordinadorcomercial@lumenimagen.com <\/p>\n<p>\u00bb ><br \/>\n               Panam\u00e1<\/h2>\n<p class='location-des'>\n<p class='location-des'> Tel:  +57 310 485 7716<br \/>Email: coordinadorcomercial@lumenimagen.com <\/p>\n<p>\u00bb ><br \/>\n               Per\u00fa<\/h2>\n<p class='location-des'> Chorrillos<br \/>Alameda Los Horizontes # 825<br \/>Los Cedros de Villa<br \/>Lima, Per\u00fa <\/p>\n<p class='location-des'> Tel:  +57 310 485 7716<br \/>Email: coordinadorcomercial@lumenimagen.com <\/p>\n<p>\u00bb ><\/p>\n<figure><img decoding=\"async\" src=\"https:\/\/lumenimagen.com\/nuevo\/wp-content\/uploads\/2022\/03\/Clientes_Zeuss.svg\" alt=\"Clientes_Zeuss\" \/><\/figure>\n<figure><img decoding=\"async\" src=\"https:\/\/lumenimagen.com\/nuevo\/wp-content\/uploads\/2022\/03\/Clientes_Texaco.svg\" alt=\"Clientes_Texaco\" \/><\/figure>\n<figure><img decoding=\"async\" src=\"https:\/\/lumenimagen.com\/nuevo\/wp-content\/uploads\/2022\/03\/Clientes_Shell.svg\" alt=\"Clientes_Shell\" \/><\/figure>\n<figure><img decoding=\"async\" src=\"https:\/\/lumenimagen.com\/nuevo\/wp-content\/uploads\/2022\/03\/Clientes_Primax.svg\" alt=\"Clientes_Primax\" \/><\/figure>\n<figure><img decoding=\"async\" src=\"https:\/\/lumenimagen.com\/nuevo\/wp-content\/uploads\/2022\/03\/Clientes_Petrommil.svg\" alt=\"Clientes_Petrommil\" \/><\/figure>\n<figure><img decoding=\"async\" src=\"https:\/\/lumenimagen.com\/nuevo\/wp-content\/uploads\/2022\/03\/Clientes_Parque-Alegra.svg\" alt=\"Clientes_Parque Alegra\" \/><\/figure>\n<figure><img decoding=\"async\" src=\"https:\/\/lumenimagen.com\/nuevo\/wp-content\/uploads\/2022\/03\/Clientes_Olimpica.svg\" alt=\"Clientes_Olimpica\" \/><\/figure>\n<figure><img decoding=\"async\" src=\"https:\/\/lumenimagen.com\/nuevo\/wp-content\/uploads\/2022\/03\/Clientes_Grupo-Coomeva.svg\" alt=\"Clientes_Grupo Coomeva\" \/><\/figure>\n<figure><img decoding=\"async\" src=\"https:\/\/lumenimagen.com\/nuevo\/wp-content\/uploads\/2022\/03\/Clientes_Estinsa.svg\" alt=\"Clientes_Estinsa\" \/><\/figure>\n<figure><img decoding=\"async\" src=\"https:\/\/lumenimagen.com\/nuevo\/wp-content\/uploads\/2022\/03\/Clientes_Ecos.svg\" alt=\"Clientes_Ecos\" \/><\/figure>\n<figure><img decoding=\"async\" src=\"https:\/\/lumenimagen.com\/nuevo\/wp-content\/uploads\/2022\/03\/Clientes_Distracom.svg\" alt=\"Clientes_Distracom\" \/><\/figure>\n<figure><img decoding=\"async\" src=\"https:\/\/lumenimagen.com\/nuevo\/wp-content\/uploads\/2022\/03\/Clientes_Delta.svg\" alt=\"Clientes_Delta\" \/><\/figure>\n<figure><img decoding=\"async\" src=\"https:\/\/lumenimagen.com\/nuevo\/wp-content\/uploads\/2022\/03\/Clientes_Decorceramica.svg\" alt=\"Clientes_Decorceramica\" \/><\/figure>\n<figure><img decoding=\"async\" src=\"https:\/\/lumenimagen.com\/nuevo\/wp-content\/uploads\/2022\/03\/Clientes_Combuscol.svg\" alt=\"Clientes_Combuscol\" \/><\/figure>\n<figure><img decoding=\"async\" src=\"https:\/\/lumenimagen.com\/nuevo\/wp-content\/uploads\/2022\/03\/Clientes_Colchones-Romance-Relax.svg\" alt=\"Clientes_Colchones Romance Relax\" \/><\/figure>\n<figure><img decoding=\"async\" src=\"https:\/\/lumenimagen.com\/nuevo\/wp-content\/uploads\/2022\/03\/Clientes_Christus-Sinergia.svg\" alt=\"Clientes_Christus Sinergia\" \/><\/figure>\n<figure><img decoding=\"async\" src=\"https:\/\/lumenimagen.com\/nuevo\/wp-content\/uploads\/2022\/03\/Clientes_Brio.svg\" alt=\"Clientes_Brio\" \/><\/figure>\n<figure><img decoding=\"async\" src=\"https:\/\/lumenimagen.com\/nuevo\/wp-content\/uploads\/2022\/03\/Clientes_Biomax.svg\" alt=\"Clientes_Biomax\" \/><\/figure>\n<figure><img decoding=\"async\" src=\"https:\/\/lumenimagen.com\/nuevo\/wp-content\/uploads\/2022\/03\/Clientes_BBVA.svg\" alt=\"Clientes_BBVA\" \/><\/figure>\n<figure><img decoding=\"async\" src=\"https:\/\/lumenimagen.com\/nuevo\/wp-content\/uploads\/2022\/03\/Clientes_Bancolombia.svg\" alt=\"Clientes_Bancolombia\" \/><\/figure>\n<figure><img decoding=\"async\" src=\"https:\/\/lumenimagen.com\/nuevo\/wp-content\/uploads\/2022\/03\/Clientes_Banco-W.svg\" alt=\"Clientes_Banco W\" \/><\/figure>\n<figure><img decoding=\"async\" src=\"https:\/\/lumenimagen.com\/nuevo\/wp-content\/uploads\/2022\/03\/Clientes_Banco-de-Bogota.svg\" alt=\"Clientes_Banco de Bogota\" \/><\/figure>\n<figure><img decoding=\"async\" src=\"https:\/\/lumenimagen.com\/nuevo\/wp-content\/uploads\/2022\/03\/Clientes_Banco-Agrario-de-Colombia.svg\" alt=\"Clientes_Banco Agrario de Colombia\" \/><\/figure>\n<figure><img decoding=\"async\" src=\"https:\/\/lumenimagen.com\/nuevo\/wp-content\/uploads\/2022\/03\/Clientes_3M.svg\" alt=\"Clientes_3M\" \/><\/figure>\n","protected":false},"excerpt":{"rendered":"<p>Sobre Nosotros Nuestra Historia Somos una empresa l\u00edder del sector de la industria gr\u00e1fica con 12 a\u00f1os de experiencia, brindando acompa\u00f1amiento y apoyo en la identidad corporativa de nuestros clientes, a la par de la innovaci\u00f3n tecnol\u00f3gica, creatividad y seguridad. Leer m\u00e1s Hoy te invitamos A hacer parte de nuestro equipo, de nuestra familia y [&hellip;]<\/p>\n","protected":false},"author":2,"featured_media":0,"parent":0,"menu_order":0,"comment_status":"closed","ping_status":"closed","template":"template\/full-width-template.php","meta":{"om_disable_all_campaigns":false,"inline_featured_image":false,"footnotes":""},"class_list":["post-751","page","type-page","status-publish","hentry"],"_links":{"self":[{"href":"https:\/\/lumenimagen.com\/nuevo\/wp-json\/wp\/v2\/pages\/751","targetHints":{"allow":["GET"]}}],"collection":[{"href":"https:\/\/lumenimagen.com\/nuevo\/wp-json\/wp\/v2\/pages"}],"about":[{"href":"https:\/\/lumenimagen.com\/nuevo\/wp-json\/wp\/v2\/types\/page"}],"author":[{"embeddable":true,"href":"https:\/\/lumenimagen.com\/nuevo\/wp-json\/wp\/v2\/users\/2"}],"replies":[{"embeddable":true,"href":"https:\/\/lumenimagen.com\/nuevo\/wp-json\/wp\/v2\/comments?post=751"}],"version-history":[{"count":144,"href":"https:\/\/lumenimagen.com\/nuevo\/wp-json\/wp\/v2\/pages\/751\/revisions"}],"predecessor-version":[{"id":3193,"href":"https:\/\/lumenimagen.com\/nuevo\/wp-json\/wp\/v2\/pages\/751\/revisions\/3193"}],"wp:attachment":[{"href":"https:\/\/lumenimagen.com\/nuevo\/wp-json\/wp\/v2\/media?parent=751"}],"curies":[{"name":"wp","href":"https:\/\/api.w.org\/{rel}","templated":true}]}}