{"id":2704,"date":"2022-10-06T18:57:28","date_gmt":"2022-10-06T18:57:28","guid":{"rendered":"https:\/\/lumenimagen.com\/nuevo\/?page_id=2704"},"modified":"2022-11-15T17:38:34","modified_gmt":"2022-11-15T17:38:34","slug":"productos","status":"publish","type":"page","link":"https:\/\/lumenimagen.com\/nuevo\/productos\/","title":{"rendered":"Productos"},"content":{"rendered":"<p><small>CALIDAD Y EXCELENCIA<\/small><\/p>\n<h2>\n                 Desarrollos a la medida            <\/h2>\n<p>         <!-- Section title --><br \/>\n\t\tEn Lumen nos caracterizamos por hacer uso de materiales de alta calidad y llevar a cabo procesos de producci\u00f3n amigables con el medio ambiente y eficientes en consumo energ\u00e9tico.<br \/>\n                           <img decoding=\"async\" src=\"https:\/\/lumenimagen.com\/nuevo\/wp-content\/uploads\/2022\/09\/Mantenimiento-de-imagen-de-EDS.svg\"\n               alt=\"Estaciones de Servicio \"><\/p>\n<h3>Estaciones de Servicio<\/h3>\n<p>\t\t\t\t\t\t\t\t\t\t\t\t<a href=\"\">Pylon Sign<\/a><br \/>\n\t\t\t\t\t<a href=\"https:\/\/lumenimagen.com\/nuevo\/wp-content\/uploads\/2022\/11\/Pylon-Sign_Deltta.jpg\">Delta<\/a><br \/>\n<br \/>\n<a href=\"https:\/\/lumenimagen.com\/nuevo\/wp-content\/uploads\/2022\/11\/Pylon-Sign_Primax.jpg\">Primax<\/a><br \/>\n<br \/>\n<a href=\"https:\/\/lumenimagen.com\/nuevo\/wp-content\/uploads\/2022\/11\/Pylon-Sign_Texaco.jpg\">Texaco<\/a><br \/>\n<br \/>\n<a href=\"https:\/\/lumenimagen.com\/nuevo\/wp-content\/uploads\/2022\/11\/Pylon-Sign_Zeuss.jpg\">Zeuss<\/a><br \/>\n\t\t\t\t\t\t\t\t\t\t\t\t<a href=\"\">Flag Sign<\/a><br \/>\n\t\t\t\t\t<a href=\"https:\/\/lumenimagen.com\/nuevo\/wp-content\/uploads\/2022\/11\/Flag-Sign_Biomax-2.0_1.jpg\">Biomax 1<\/a><br \/>\n<br \/>\n<a href=\"https:\/\/lumenimagen.com\/nuevo\/wp-content\/uploads\/2022\/11\/Flag-Sign_Biomax-2.0_2.jpg\">Biomax 2<\/a><br \/>\n\t\t\t\t\t\t\t\t\t\t\t\t<a href=\"\">Pole Sign<\/a><br \/>\n\t\t\t\t\t<a href=\"https:\/\/lumenimagen.com\/nuevo\/wp-content\/uploads\/2022\/11\/Pole-Sign_Primax_1.jpg\">Primax 1<\/a><br \/>\n<br\n<a href=\"https:\/\/lumenimagen.com\/nuevo\/wp-content\/uploads\/2022\/11\/Pole-Sign_Primax_2.jpg\">Primax 2<\/a><br \/>\n\t\t\t\t\t\t\t\t\t\t\t\t<a href=\"\">Canopies<\/a><br \/>\n\t\t\t\t\t<a href=\"https:\/\/lumenimagen.com\/nuevo\/wp-content\/uploads\/2022\/11\/Canopy_Biomax.jpg\">Biomax<\/a><br \/>\n<br \/>\n<a href=\"https:\/\/lumenimagen.com\/nuevo\/wp-content\/uploads\/2022\/11\/Canopy_Delta.jpg\">Delta<\/a><br \/>\n<br \/>\n<a href=\"https:\/\/lumenimagen.com\/nuevo\/wp-content\/uploads\/2022\/11\/Canopy_Petromil.jpg\">Petromil<\/a><br \/>\n<br \/>\n<a href=\"https:\/\/lumenimagen.com\/nuevo\/wp-content\/uploads\/2022\/11\/Canopy_Primax.jpg\">Primax<\/a><br \/>\n<br \/>\n<a href=\"https:\/\/lumenimagen.com\/nuevo\/wp-content\/uploads\/2022\/11\/Canopy_Zeuss.jpg\">Zeuss<\/a><br \/>\n\t\t\t\t\t\t\t\t\t\t\t\t<a href=\"\">Pump Numbers<\/a><br \/>\n\t\t\t\t\t<a href=\"https:\/\/lumenimagen.com\/nuevo\/wp-content\/uploads\/2022\/11\/Pump-Number_Biomax-2.0.jpg\">Biomax<\/a><br \/>\n<br \/>\n<a href=\"https:\/\/lumenimagen.com\/nuevo\/wp-content\/uploads\/2022\/11\/Pump-Number_Primax.jpg\">Primax<\/a><br \/>\n\t\t\t\t\t\t\t\t\t\t\t\t<a href=\"\">Direccionales<\/a><br \/>\n\t\t\t\t\t<a href=\"https:\/\/lumenimagen.com\/nuevo\/wp-content\/uploads\/2022\/11\/Direccionales_Biomax-2.0.jpg\">Biomax<\/a><br \/>\n<br \/>\n<a href=\"https:\/\/lumenimagen.com\/nuevo\/wp-content\/uploads\/2022\/11\/Direccionales_Delta.jpg\">Delta<\/a><br \/>\n<br \/>\n<a href=\"https:\/\/lumenimagen.com\/nuevo\/wp-content\/uploads\/2022\/11\/Direccionales_Petromil.jpg\">Petromil<\/a><br \/>\n\t\t\t\t\t\t\t\t\t\t\t\t<a href=\"\">Se\u00f1alizaci\u00f3n general vertical<\/a><br \/>\n\t\t\t\t\t<a href=\"https:\/\/lumenimagen.com\/nuevo\/wp-content\/uploads\/2022\/11\/Tableros-informativos_Biomax-2.0.jpg\">Biomax<\/a><br \/>\n<br \/>\n<a href=\"https:\/\/lumenimagen.com\/nuevo\/wp-content\/uploads\/2022\/11\/Tableros-informativos_Primax_1.jpg\">Primax 1<\/a><br \/>\n<br \/>\n<a href=\"https:\/\/lumenimagen.com\/nuevo\/wp-content\/uploads\/2022\/11\/Tableros-informativos_Primax_2.jpg\">Primax 2<\/a><br \/>\n&nbsp;<br \/>\n\t\t\t\t\t\t\t\t\t\t\t\t<a href=\"\">Se\u00f1alizaci\u00f3n general horizontal<\/a><br \/>\n\t\t\t\t\t<a href=\"https:\/\/lumenimagen.com\/nuevo\/wp-content\/uploads\/2022\/11\/Surtidor_Biomax.jpg\">Biomax<\/a><br \/>\n<br \/>\n<a href=\"https:\/\/lumenimagen.com\/nuevo\/wp-content\/uploads\/2022\/11\/Surtidor_Primax.jpg\">Primax<\/a><br \/>\n<br \/>\n<a href=\"https:\/\/lumenimagen.com\/nuevo\/wp-content\/uploads\/2022\/11\/Surtidor_Zeuss.jpg\">Zeuss<\/a><br \/>\n                           <img decoding=\"async\" src=\"https:\/\/lumenimagen.com\/nuevo\/wp-content\/uploads\/2022\/09\/Consultoria.svg\"\n               alt=\"Avisos \"><\/p>\n<h3>Avisos<\/h3>\n<p>\t\t\t\t\t\t\t\t\t\t\t\t<a href=\"\">Avisos de lonas<\/a><\/p>\n<p><a href=\"https:\/\/lumenimagen.com\/nuevo\/wp-content\/uploads\/2022\/11\/Banco-W.jpg\">Banco W<\/a><\/p>\n<p><a href=\"https:\/\/lumenimagen.com\/nuevo\/wp-content\/uploads\/2022\/11\/BBVA.jpg\">BBVA<\/a><\/p>\n<p>\t\t\t\t\t\t\t\t\t\t\t\t<a href=\"\">Avisos volum\u00e9tricos<\/a><br \/>\n\t\t\t\t\t<a href=\"https:\/\/lumenimagen.com\/nuevo\/wp-content\/uploads\/2022\/11\/Distracom.jpg\">Distracom<\/a><br \/>\n<br \/>\n<a href=\"https:\/\/lumenimagen.com\/nuevo\/wp-content\/uploads\/2022\/11\/Grupo-Coomeva.jpg\">Grupo Coomeva<\/a><br \/>\n<br \/>\n<a href=\"https:\/\/lumenimagen.com\/nuevo\/wp-content\/uploads\/2022\/11\/SAO.jpg\">SAO<\/a><br \/>\n\t\t\t\t\t\t\t\t\t\t\t\t<a href=\"\">Avisos luminosos<\/a><\/p>\n<p><a href=\"https:\/\/lumenimagen.com\/nuevo\/wp-content\/uploads\/2022\/11\/Coomeva-Medicina-Prepagada.jpg\">Coomeva Medicina Prepagada<\/a><\/p>\n<p>\u00a0<\/p>\n<p><a href=\"https:\/\/lumenimagen.com\/nuevo\/wp-content\/uploads\/2022\/11\/Shell.jpg\">Shell<\/a><\/p>\n<p>\t\t\t\t\t\t\t\t\t\t\t\t<a href=\"\">Avisos especiales<\/a><br \/>\n\t\t\t\t\t<a href=\"https:\/\/lumenimagen.com\/nuevo\/wp-content\/uploads\/2022\/11\/Senaletica_1.jpg\">Se\u00f1aletica 1<\/a><br \/>\n<br \/>\n<a href=\"https:\/\/lumenimagen.com\/nuevo\/wp-content\/uploads\/2022\/11\/Senaletica_2.jpg\">Se\u00f1aletica 2<\/a><br \/>\n                           <img decoding=\"async\" src=\"https:\/\/lumenimagen.com\/nuevo\/wp-content\/uploads\/2022\/09\/Consultoria.svg\"\n               alt=\"Publicidades \"><\/p>\n<h3>Publicidades<\/h3>\n<p>\t\t\t\t\t\t\t\t\t\t\t\t<a href=\"\">Gigantograf\u00eda<\/a><br \/>\n\t\t\t\t\t<a href=\"https:\/\/lumenimagen.com\/nuevo\/wp-content\/uploads\/2022\/11\/Gigantografia_Ambulancia-AMI.jpg\">Ambulancia AMI<\/a><br \/>\n<br \/>\n<a href=\"https:\/\/lumenimagen.com\/nuevo\/wp-content\/uploads\/2022\/11\/Gigantografia_Cortes-de-cenefa-rotated.jpg\">Cortes de cenefa<\/a><br \/>\n<br \/>\n<a href=\"https:\/\/lumenimagen.com\/nuevo\/wp-content\/uploads\/2022\/11\/Gigantografia_Impresion-a-gran-formato-scaled.jpg\">Impresi\u00f3n a gran formato<\/a><br \/>\n<br \/>\n<a href=\"https:\/\/lumenimagen.com\/nuevo\/wp-content\/uploads\/2022\/11\/Gigantografia_Rotulacion-de-vehiculos-scaled.jpg\">Rotulaci\u00f3n de veh\u00edculos<\/a><br \/>\n<br \/>\n<a href=\"https:\/\/lumenimagen.com\/nuevo\/wp-content\/uploads\/2022\/11\/Gigantografias_1.jpg\">Vinilo de corte<\/a><br \/>\n<br \/>\n<a href=\"https:\/\/lumenimagen.com\/nuevo\/wp-content\/uploads\/2022\/11\/Gigantografias_2.jpg\">Vinilo adhesivo<\/a><br \/>\n\t\t\t\t\t\t\t\t\t\t\t\t<a href=\"\">Se\u00f1alizaci\u00f3n<\/a><br \/>\n\t\t\t\t\t<a href=\"https:\/\/lumenimagen.com\/nuevo\/wp-content\/uploads\/2022\/11\/Senalizacion_Acrilico-con-dilatadores-scaled.jpg\">Acr\u00edlico con dilatadores<\/a><br \/>\n<br \/>\n<a href=\"https:\/\/lumenimagen.com\/nuevo\/wp-content\/uploads\/2022\/11\/Senalizacion_Brandeo-de-tiendas-scaled.jpg\">Brandeo de tiendas<\/a><br \/>\n<br \/>\n<a href=\"https:\/\/lumenimagen.com\/nuevo\/wp-content\/uploads\/2022\/11\/Senalizacion_Descolgadas.jpg\">Descolgadas<\/a><br \/>\n<br \/>\n<a href=\"https:\/\/lumenimagen.com\/nuevo\/wp-content\/uploads\/2022\/11\/Senalizacion_Directorios-1.jpg\">Directorios<\/a><br \/>\n<br \/>\n<a href=\"https:\/\/lumenimagen.com\/nuevo\/wp-content\/uploads\/2022\/11\/Senalizacion_Retablos.jpg\">Retablos<\/a><br \/>\n<br \/>\n<a href=\"https:\/\/lumenimagen.com\/nuevo\/wp-content\/uploads\/2022\/11\/Senalizacion_Vitrinas-scaled.jpg\">Vitrinas<\/a><br \/>\n                  <small>Nuestra Oferta<\/small><\/p>\n<h2>\n                 Servicios Estrat\u00e9gicos            <\/h2>\n<p>         <!-- Section title --><br \/>\n                        <a href=\"https:\/\/lumenimagen.com\/nuevo\/service\/fabricacion-de-avisos-y-senalizacion\/\"><br \/>\n                           <img decoding=\"async\" src=\"https:\/\/lumenimagen.com\/nuevo\/wp-content\/uploads\/2019\/04\/FABRICACION-1024x683.jpg\" alt=\"Fabricaci\u00f3n de Avisos y Se\u00f1alizaci\u00f3n\"><br \/>\n                        <\/a><br \/>\n                        <i> <\/i><\/p>\n<h3><a href=\"https:\/\/lumenimagen.com\/nuevo\/service\/fabricacion-de-avisos-y-senalizacion\/\">Fabricaci\u00f3n de Avisos y Se\u00f1alizaci\u00f3n<\/a><\/h3>\n<\/p>\n<p>                        <a href=\"https:\/\/lumenimagen.com\/nuevo\/service\/imagen-corporativa\/\"><br \/>\n                           <img decoding=\"async\" src=\"https:\/\/lumenimagen.com\/nuevo\/wp-content\/uploads\/2022\/09\/Imagen-Corporativa-1-1024x683.jpg\" alt=\"Imagen Corporativa\"><br \/>\n                        <\/a><br \/>\n                        <i> <\/i><\/p>\n<h3><a href=\"https:\/\/lumenimagen.com\/nuevo\/service\/imagen-corporativa\/\">Imagen Corporativa<\/a><\/h3>\n<\/p>\n<p>                        <a href=\"https:\/\/lumenimagen.com\/nuevo\/service\/consultoria\/\"><br \/>\n                           <img decoding=\"async\" src=\"https:\/\/lumenimagen.com\/nuevo\/wp-content\/uploads\/2022\/09\/Consultoria-1024x683.jpg\" alt=\"Consultor\u00eda\"><br \/>\n                        <\/a><br \/>\n                        <i> <\/i><\/p>\n<h3><a href=\"https:\/\/lumenimagen.com\/nuevo\/service\/consultoria\/\">Consultor\u00eda<\/a><\/h3>\n<\/p>\n<p>                        <a href=\"https:\/\/lumenimagen.com\/nuevo\/service\/mantenimiento-de-imagen-de-eds\/\"><br \/>\n                           <img decoding=\"async\" src=\"https:\/\/lumenimagen.com\/nuevo\/wp-content\/uploads\/2022\/09\/MANT.-EDS-1024x683.jpg\" alt=\"Mantenimiento de Imagen de EDS\"><br \/>\n                        <\/a><br \/>\n                        <i> <\/i><\/p>\n<h3><a href=\"https:\/\/lumenimagen.com\/nuevo\/service\/mantenimiento-de-imagen-de-eds\/\">Mantenimiento de Imagen de EDS<\/a><\/h3>\n<\/p>\n<p>                        <a href=\"https:\/\/lumenimagen.com\/nuevo\/service\/mantenimiento-de-avisos\/\"><br \/>\n                           <img decoding=\"async\" src=\"https:\/\/lumenimagen.com\/nuevo\/wp-content\/uploads\/2022\/09\/MANT.-AVISO-1024x683.jpg\" alt=\"Mantenimiento de Avisos\"><br \/>\n                        <\/a><br \/>\n                        <i> <\/i><\/p>\n<h3><a href=\"https:\/\/lumenimagen.com\/nuevo\/service\/mantenimiento-de-avisos\/\">Mantenimiento de Avisos<\/a><\/h3>\n<\/p>\n<p>                        <a href=\"https:\/\/lumenimagen.com\/nuevo\/service\/servicios-complementarios\/\"><br \/>\n                           <img decoding=\"async\" src=\"https:\/\/lumenimagen.com\/nuevo\/wp-content\/uploads\/2022\/09\/SERV-COMPLEMENTO-1024x683.jpg\" alt=\"Servicios Complementarios\"><br \/>\n                        <\/a><br \/>\n                        <i> <\/i><\/p>\n<h3><a href=\"https:\/\/lumenimagen.com\/nuevo\/service\/servicios-complementarios\/\">Servicios Complementarios<\/a><\/h3>\n<\/p>\n<figure><img decoding=\"async\" src=\"https:\/\/lumenimagen.com\/nuevo\/wp-content\/uploads\/2022\/03\/Clientes_Zeuss.svg\" alt=\"Clientes_Zeuss\" \/><\/figure>\n<figure><img decoding=\"async\" src=\"https:\/\/lumenimagen.com\/nuevo\/wp-content\/uploads\/2022\/03\/Clientes_Texaco.svg\" alt=\"Clientes_Texaco\" \/><\/figure>\n<figure><img decoding=\"async\" src=\"https:\/\/lumenimagen.com\/nuevo\/wp-content\/uploads\/2022\/03\/Clientes_Shell.svg\" alt=\"Clientes_Shell\" \/><\/figure>\n<figure><img decoding=\"async\" src=\"https:\/\/lumenimagen.com\/nuevo\/wp-content\/uploads\/2022\/03\/Clientes_Primax.svg\" alt=\"Clientes_Primax\" \/><\/figure>\n<figure><img decoding=\"async\" src=\"https:\/\/lumenimagen.com\/nuevo\/wp-content\/uploads\/2022\/03\/Clientes_Petrommil.svg\" alt=\"Clientes_Petrommil\" \/><\/figure>\n<figure><img decoding=\"async\" src=\"https:\/\/lumenimagen.com\/nuevo\/wp-content\/uploads\/2022\/03\/Clientes_Parque-Alegra.svg\" alt=\"Clientes_Parque Alegra\" \/><\/figure>\n<figure><img decoding=\"async\" src=\"https:\/\/lumenimagen.com\/nuevo\/wp-content\/uploads\/2022\/03\/Clientes_Olimpica.svg\" alt=\"Clientes_Olimpica\" \/><\/figure>\n<figure><img decoding=\"async\" src=\"https:\/\/lumenimagen.com\/nuevo\/wp-content\/uploads\/2022\/03\/Clientes_Grupo-Coomeva.svg\" alt=\"Clientes_Grupo Coomeva\" \/><\/figure>\n<figure><img decoding=\"async\" src=\"https:\/\/lumenimagen.com\/nuevo\/wp-content\/uploads\/2022\/03\/Clientes_Estinsa.svg\" alt=\"Clientes_Estinsa\" \/><\/figure>\n<figure><img decoding=\"async\" src=\"https:\/\/lumenimagen.com\/nuevo\/wp-content\/uploads\/2022\/03\/Clientes_Ecos.svg\" alt=\"Clientes_Ecos\" \/><\/figure>\n<figure><img decoding=\"async\" src=\"https:\/\/lumenimagen.com\/nuevo\/wp-content\/uploads\/2022\/03\/Clientes_Distracom.svg\" alt=\"Clientes_Distracom\" \/><\/figure>\n<figure><img decoding=\"async\" src=\"https:\/\/lumenimagen.com\/nuevo\/wp-content\/uploads\/2022\/03\/Clientes_Delta.svg\" alt=\"Clientes_Delta\" \/><\/figure>\n<figure><img decoding=\"async\" src=\"https:\/\/lumenimagen.com\/nuevo\/wp-content\/uploads\/2022\/03\/Clientes_Decorceramica.svg\" alt=\"Clientes_Decorceramica\" \/><\/figure>\n<figure><img decoding=\"async\" src=\"https:\/\/lumenimagen.com\/nuevo\/wp-content\/uploads\/2022\/03\/Clientes_Combuscol.svg\" alt=\"Clientes_Combuscol\" \/><\/figure>\n<figure><img decoding=\"async\" src=\"https:\/\/lumenimagen.com\/nuevo\/wp-content\/uploads\/2022\/03\/Clientes_Colchones-Romance-Relax.svg\" alt=\"Clientes_Colchones Romance Relax\" \/><\/figure>\n<figure><img decoding=\"async\" src=\"https:\/\/lumenimagen.com\/nuevo\/wp-content\/uploads\/2022\/03\/Clientes_Christus-Sinergia.svg\" alt=\"Clientes_Christus Sinergia\" \/><\/figure>\n<figure><img decoding=\"async\" src=\"https:\/\/lumenimagen.com\/nuevo\/wp-content\/uploads\/2022\/03\/Clientes_Brio.svg\" alt=\"Clientes_Brio\" \/><\/figure>\n<figure><img decoding=\"async\" src=\"https:\/\/lumenimagen.com\/nuevo\/wp-content\/uploads\/2022\/03\/Clientes_Biomax.svg\" alt=\"Clientes_Biomax\" \/><\/figure>\n<figure><img decoding=\"async\" src=\"https:\/\/lumenimagen.com\/nuevo\/wp-content\/uploads\/2022\/03\/Clientes_BBVA.svg\" alt=\"Clientes_BBVA\" \/><\/figure>\n<figure><img decoding=\"async\" src=\"https:\/\/lumenimagen.com\/nuevo\/wp-content\/uploads\/2022\/03\/Clientes_Bancolombia.svg\" alt=\"Clientes_Bancolombia\" \/><\/figure>\n<figure><img decoding=\"async\" src=\"https:\/\/lumenimagen.com\/nuevo\/wp-content\/uploads\/2022\/03\/Clientes_Banco-W.svg\" alt=\"Clientes_Banco W\" \/><\/figure>\n<figure><img decoding=\"async\" src=\"https:\/\/lumenimagen.com\/nuevo\/wp-content\/uploads\/2022\/03\/Clientes_Banco-de-Bogota.svg\" alt=\"Clientes_Banco de Bogota\" \/><\/figure>\n<figure><img decoding=\"async\" src=\"https:\/\/lumenimagen.com\/nuevo\/wp-content\/uploads\/2022\/03\/Clientes_Banco-Agrario-de-Colombia.svg\" alt=\"Clientes_Banco Agrario de Colombia\" \/><\/figure>\n<figure><img decoding=\"async\" src=\"https:\/\/lumenimagen.com\/nuevo\/wp-content\/uploads\/2022\/03\/Clientes_3M.svg\" alt=\"Clientes_3M\" \/><\/figure>\n","protected":false},"excerpt":{"rendered":"<p>CALIDAD Y EXCELENCIA Desarrollos a la medida En Lumen nos caracterizamos por hacer uso de materiales de alta calidad y llevar a cabo procesos de producci\u00f3n amigables con el medio ambiente y eficientes en consumo energ\u00e9tico. Estaciones de Servicio Pylon Sign Delta Primax Texaco Zeuss Flag Sign Biomax 1 Biomax 2 Pole Sign Primax 1<\/p>\n","protected":false},"author":2,"featured_media":0,"parent":0,"menu_order":0,"comment_status":"closed","ping_status":"closed","template":"template\/full-width-template.php","meta":{"om_disable_all_campaigns":false,"inline_featured_image":false,"footnotes":""},"class_list":["post-2704","page","type-page","status-publish","hentry"],"_links":{"self":[{"href":"https:\/\/lumenimagen.com\/nuevo\/wp-json\/wp\/v2\/pages\/2704","targetHints":{"allow":["GET"]}}],"collection":[{"href":"https:\/\/lumenimagen.com\/nuevo\/wp-json\/wp\/v2\/pages"}],"about":[{"href":"https:\/\/lumenimagen.com\/nuevo\/wp-json\/wp\/v2\/types\/page"}],"author":[{"embeddable":true,"href":"https:\/\/lumenimagen.com\/nuevo\/wp-json\/wp\/v2\/users\/2"}],"replies":[{"embeddable":true,"href":"https:\/\/lumenimagen.com\/nuevo\/wp-json\/wp\/v2\/comments?post=2704"}],"version-history":[{"count":159,"href":"https:\/\/lumenimagen.com\/nuevo\/wp-json\/wp\/v2\/pages\/2704\/revisions"}],"predecessor-version":[{"id":3056,"href":"https:\/\/lumenimagen.com\/nuevo\/wp-json\/wp\/v2\/pages\/2704\/revisions\/3056"}],"wp:attachment":[{"href":"https:\/\/lumenimagen.com\/nuevo\/wp-json\/wp\/v2\/media?parent=2704"}],"curies":[{"name":"wp","href":"https:\/\/api.w.org\/{rel}","templated":true}]}}