{"id":1526,"date":"2022-03-30T18:36:52","date_gmt":"2022-03-30T18:36:52","guid":{"rendered":"https:\/\/lumenimagen.com\/nuevo\/?page_id=1526"},"modified":"2024-09-18T04:50:49","modified_gmt":"2024-09-18T04:50:49","slug":"contactanos","status":"publish","type":"page","link":"https:\/\/lumenimagen.com\/nuevo\/contactanos\/","title":{"rendered":"Cont\u00e1ctanos"},"content":{"rendered":"<p><small>Cont\u00e1ctanos<\/small><\/p>\n<h2>\n                 D\u00e9janos tu Mensaje            <\/h2>\n<p>         <!-- Section title --><br \/>\n\t\t\n<div class=\"wpcf7 no-js\" id=\"wpcf7-f358-o1\" lang=\"en-US\" dir=\"ltr\" data-wpcf7-id=\"358\">\n<div class=\"screen-reader-response\"><p role=\"status\" aria-live=\"polite\" aria-atomic=\"true\"><\/p> <ul><\/ul><\/div>\n<form action=\"\/nuevo\/wp-json\/wp\/v2\/pages\/1526#wpcf7-f358-o1\" method=\"post\" class=\"wpcf7-form init\" aria-label=\"Contact form\" novalidate=\"novalidate\" data-status=\"init\">\n<fieldset class=\"hidden-fields-container\"><input type=\"hidden\" name=\"_wpcf7\" value=\"358\" \/><input type=\"hidden\" name=\"_wpcf7_version\" value=\"6.1.4\" \/><input type=\"hidden\" name=\"_wpcf7_locale\" value=\"en_US\" \/><input type=\"hidden\" name=\"_wpcf7_unit_tag\" value=\"wpcf7-f358-o1\" \/><input type=\"hidden\" name=\"_wpcf7_container_post\" value=\"0\" \/><input type=\"hidden\" name=\"_wpcf7_posted_data_hash\" value=\"\" \/>\n<\/fieldset>\n<div class=\"ts-contact-form\">\n\t<div class=\"ts-form-group\">\n\t\t<div class=\"ts-form contactMe\">\n\t\t\t<div class=\"row\">\n\t\t\t\t<div class=\"col-lg-6\">\n\t\t\t\t\t<p><span class=\"wpcf7-form-control-wrap\" data-name=\"text-49\"><input size=\"40\" maxlength=\"400\" class=\"wpcf7-form-control wpcf7-text form-control field\" aria-invalid=\"false\" placeholder=\"Nombres\" value=\"\" type=\"text\" name=\"text-49\" \/><\/span>\n\t\t\t\t\t<\/p>\n\t\t\t\t<\/div>\n\t\t\t\t<div class=\"col-lg-6\">\n\t\t\t\t\t<p><span class=\"wpcf7-form-control-wrap\" data-name=\"text-49\"><input size=\"40\" maxlength=\"400\" class=\"wpcf7-form-control wpcf7-text form-control field\" aria-invalid=\"false\" placeholder=\"Apellidos\" value=\"\" type=\"text\" name=\"text-49\" \/><\/span>\n\t\t\t\t\t<\/p>\n\t\t\t\t<\/div>\n\t\t\t<\/div>\n\t\t\t<div class=\"row\">\n\t\t\t\t<div class=\"col-lg-6\">\n\t\t\t\t\t<p><span class=\"wpcf7-form-control-wrap\" data-name=\"email-980\"><input size=\"40\" maxlength=\"400\" class=\"wpcf7-form-control wpcf7-email wpcf7-validates-as-required wpcf7-text wpcf7-validates-as-email form-control field\" aria-required=\"true\" aria-invalid=\"false\" placeholder=\"Correo electr\u00f3nico\" value=\"\" type=\"email\" name=\"email-980\" \/><\/span>\n\t\t\t\t\t<\/p>\n\t\t\t\t<\/div>\n\t\t\t\t<div class=\"col-lg-6\">\n\t\t\t\t\t<p><span class=\"wpcf7-form-control-wrap\" data-name=\"tel-897\"><input size=\"40\" maxlength=\"400\" class=\"wpcf7-form-control wpcf7-tel wpcf7-text wpcf7-validates-as-tel form-control field\" aria-invalid=\"false\" placeholder=\"N\u00famero de tel\u00e9fono\" value=\"\" type=\"tel\" name=\"tel-897\" \/><\/span>\n\t\t\t\t\t<\/p>\n\t\t\t\t<\/div>\n\t\t\t\t<div class=\"col-lg-6\">\n\t\t\t\t\t<p><span class=\"wpcf7-form-control-wrap\" data-name=\"text-49\"><input size=\"40\" maxlength=\"400\" class=\"wpcf7-form-control wpcf7-text form-control field\" aria-invalid=\"false\" placeholder=\"Asunto\" value=\"\" type=\"text\" name=\"text-49\" \/><\/span>\n\t\t\t\t\t<\/p>\n\t\t\t\t<\/div>\n\t\t\t\t<div class=\"col-lg-6\">\n\t\t\t\t\t<p><span class=\"wpcf7-form-control-wrap\" data-name=\"menu-943\"><select class=\"wpcf7-form-control wpcf7-select form-control field\" aria-invalid=\"false\" name=\"menu-943\"><option value=\"Construcci\u00f3n\">Construcci\u00f3n<\/option><option value=\"Estaci\u00f3n de Servicio\">Estaci\u00f3n de Servicio<\/option><option value=\"Grandes Superficies\">Grandes Superficies<\/option><option value=\"Financiero\">Financiero<\/option><option value=\"Salud\">Salud<\/option><\/select><\/span>\n\t\t\t\t\t<\/p>\n\t\t\t\t<\/div>\n\t\t\t<\/div>\n\t\t\t<p><span class=\"wpcf7-form-control-wrap\" data-name=\"textarea-463\"><textarea cols=\"40\" rows=\"10\" maxlength=\"2000\" class=\"wpcf7-form-control wpcf7-textarea wpcf7-validates-as-required form-control message-box field\" aria-required=\"true\" aria-invalid=\"false\" placeholder=\"Mensaje\" name=\"textarea-463\"><\/textarea><\/span>\n\t\t\t<\/p>\n\t\t\t<div class=\"ts-btn-wraper\">\n\t\t\t\t<p><input class=\"wpcf7-form-control wpcf7-submit has-spinner btn\" type=\"submit\" value=\"Enviar\" \/>\n\t\t\t\t<\/p>\n\t\t\t<\/div>\n\t\t\t<div class=\"msg\">\n\t\t\t<\/div>\n\t\t<\/div>\n\t<\/div>\n<\/div><div class=\"wpcf7-response-output\" aria-hidden=\"true\"><\/div>\n<\/form>\n<\/div>\n\t\t<\/p>\n<h2>\n                 Nuestras Sedes            <\/h2>\n<p>         <!-- Section title -->\t\t<\/p>\n<h2>Colombia &#8211; Panam\u00e1 &#8211; Per\u00fa<\/h2>\n<p style=\"text-align: center;\">Soledad &#8211; Atl\u00e1ntico<\/p>\n<p>Direcci\u00f3n: <a href=\"https:\/\/goo.gl\/maps\/F1E79TC9bRHAyUX89\" target=\"_blank\" rel=\"noopener\">Calle 30 KM 7 260 Carretera Aeropuerto Municipio de Soledad (Atl).<\/a><\/p>\n<p style=\"text-align: center;\">Cali &#8211; Valle del Cauca<\/p>\n<p>Direcci\u00f3n: <a href=\"https:\/\/goo.gl\/maps\/vkUdJjjZr8R1hUUk9\" target=\"_blank\" rel=\"noopener\">Calle 58 Norte No 1 N &#8211; 15 Flora Industrial.<\/a><\/p>\n<p style=\"text-align: center;\">Lima &#8211; Per\u00fa<\/p>\n<p>Direcci\u00f3n: <a href=\"https:\/\/maps.app.goo.gl\/19uzbQc6w2dUCXvy6\" target=\"_blank\" rel=\"noopener\">Alameda Los Horizontes # 825.<\/a>Contact Center: <a href=\"tel:+573104857716\">+57 310 485 7716<\/a>Correo: <a href=\"mailto:coordinadorcomercial@lumenimagen.com\">coordinadorcomercial@lumenimagen.com<\/a><br \/>\n\t\t\t<iframe loading=\"lazy\"\n\t\t\t\t\tsrc=\"https:\/\/maps.google.com\/maps?q=LUMEN%20GRAPHICS%20S.A&#038;t=m&#038;z=14&#038;output=embed&#038;iwloc=near\"\n\t\t\t\t\ttitle=\"LUMEN GRAPHICS S.A\"\n\t\t\t\t\taria-label=\"LUMEN GRAPHICS S.A\"\n\t\t\t><\/iframe><\/p>\n<figure><img decoding=\"async\" src=\"https:\/\/lumenimagen.com\/nuevo\/wp-content\/uploads\/2022\/03\/Clientes_Zeuss.svg\" alt=\"Clientes_Zeuss\" \/><\/figure>\n<figure><img decoding=\"async\" src=\"https:\/\/lumenimagen.com\/nuevo\/wp-content\/uploads\/2022\/03\/Clientes_Texaco.svg\" alt=\"Clientes_Texaco\" \/><\/figure>\n<figure><img decoding=\"async\" src=\"https:\/\/lumenimagen.com\/nuevo\/wp-content\/uploads\/2022\/03\/Clientes_Shell.svg\" alt=\"Clientes_Shell\" \/><\/figure>\n<figure><img decoding=\"async\" src=\"https:\/\/lumenimagen.com\/nuevo\/wp-content\/uploads\/2022\/03\/Clientes_Primax.svg\" alt=\"Clientes_Primax\" \/><\/figure>\n<figure><img decoding=\"async\" src=\"https:\/\/lumenimagen.com\/nuevo\/wp-content\/uploads\/2022\/03\/Clientes_Petrommil.svg\" alt=\"Clientes_Petrommil\" \/><\/figure>\n<figure><img decoding=\"async\" src=\"https:\/\/lumenimagen.com\/nuevo\/wp-content\/uploads\/2022\/03\/Clientes_Parque-Alegra.svg\" alt=\"Clientes_Parque Alegra\" \/><\/figure>\n<figure><img decoding=\"async\" src=\"https:\/\/lumenimagen.com\/nuevo\/wp-content\/uploads\/2022\/03\/Clientes_Olimpica.svg\" alt=\"Clientes_Olimpica\" \/><\/figure>\n<figure><img decoding=\"async\" src=\"https:\/\/lumenimagen.com\/nuevo\/wp-content\/uploads\/2022\/03\/Clientes_Grupo-Coomeva.svg\" alt=\"Clientes_Grupo Coomeva\" \/><\/figure>\n<figure><img decoding=\"async\" src=\"https:\/\/lumenimagen.com\/nuevo\/wp-content\/uploads\/2022\/03\/Clientes_Estinsa.svg\" alt=\"Clientes_Estinsa\" \/><\/figure>\n<figure><img decoding=\"async\" src=\"https:\/\/lumenimagen.com\/nuevo\/wp-content\/uploads\/2022\/03\/Clientes_Ecos.svg\" alt=\"Clientes_Ecos\" \/><\/figure>\n<figure><img decoding=\"async\" src=\"https:\/\/lumenimagen.com\/nuevo\/wp-content\/uploads\/2022\/03\/Clientes_Distracom.svg\" alt=\"Clientes_Distracom\" \/><\/figure>\n<figure><img decoding=\"async\" src=\"https:\/\/lumenimagen.com\/nuevo\/wp-content\/uploads\/2022\/03\/Clientes_Delta.svg\" alt=\"Clientes_Delta\" \/><\/figure>\n<figure><img decoding=\"async\" src=\"https:\/\/lumenimagen.com\/nuevo\/wp-content\/uploads\/2022\/03\/Clientes_Decorceramica.svg\" alt=\"Clientes_Decorceramica\" \/><\/figure>\n<figure><img decoding=\"async\" src=\"https:\/\/lumenimagen.com\/nuevo\/wp-content\/uploads\/2022\/03\/Clientes_Combuscol.svg\" alt=\"Clientes_Combuscol\" \/><\/figure>\n<figure><img decoding=\"async\" src=\"https:\/\/lumenimagen.com\/nuevo\/wp-content\/uploads\/2022\/03\/Clientes_Colchones-Romance-Relax.svg\" alt=\"Clientes_Colchones Romance Relax\" \/><\/figure>\n<figure><img decoding=\"async\" src=\"https:\/\/lumenimagen.com\/nuevo\/wp-content\/uploads\/2022\/03\/Clientes_Christus-Sinergia.svg\" alt=\"Clientes_Christus Sinergia\" \/><\/figure>\n<figure><img decoding=\"async\" src=\"https:\/\/lumenimagen.com\/nuevo\/wp-content\/uploads\/2022\/03\/Clientes_Brio.svg\" alt=\"Clientes_Brio\" \/><\/figure>\n<figure><img decoding=\"async\" src=\"https:\/\/lumenimagen.com\/nuevo\/wp-content\/uploads\/2022\/03\/Clientes_Biomax.svg\" alt=\"Clientes_Biomax\" \/><\/figure>\n<figure><img decoding=\"async\" src=\"https:\/\/lumenimagen.com\/nuevo\/wp-content\/uploads\/2022\/03\/Clientes_BBVA.svg\" alt=\"Clientes_BBVA\" \/><\/figure>\n<figure><img decoding=\"async\" src=\"https:\/\/lumenimagen.com\/nuevo\/wp-content\/uploads\/2022\/03\/Clientes_Bancolombia.svg\" alt=\"Clientes_Bancolombia\" \/><\/figure>\n<figure><img decoding=\"async\" src=\"https:\/\/lumenimagen.com\/nuevo\/wp-content\/uploads\/2022\/03\/Clientes_Banco-W.svg\" alt=\"Clientes_Banco W\" \/><\/figure>\n<figure><img decoding=\"async\" src=\"https:\/\/lumenimagen.com\/nuevo\/wp-content\/uploads\/2022\/03\/Clientes_Banco-de-Bogota.svg\" alt=\"Clientes_Banco de Bogota\" \/><\/figure>\n<figure><img decoding=\"async\" src=\"https:\/\/lumenimagen.com\/nuevo\/wp-content\/uploads\/2022\/03\/Clientes_Banco-Agrario-de-Colombia.svg\" alt=\"Clientes_Banco Agrario de Colombia\" \/><\/figure>\n<figure><img decoding=\"async\" src=\"https:\/\/lumenimagen.com\/nuevo\/wp-content\/uploads\/2022\/03\/Clientes_3M.svg\" alt=\"Clientes_3M\" \/><\/figure>\n","protected":false},"excerpt":{"rendered":"<p>Cont\u00e1ctanos D\u00e9janos tu Mensaje Nuestras Sedes Colombia &#8211; Panam\u00e1 &#8211; Per\u00fa Soledad &#8211; Atl\u00e1ntico Direcci\u00f3n: Calle 30 KM 7 260 Carretera Aeropuerto Municipio de Soledad (Atl). Cali &#8211; Valle del Cauca Direcci\u00f3n: Calle 58 Norte No 1 N &#8211; 15 Flora Industrial. Lima &#8211; Per\u00fa Direcci\u00f3n: Alameda Los Horizontes # 825.Contact Center: +57 310 485 [&hellip;]<\/p>\n","protected":false},"author":2,"featured_media":0,"parent":0,"menu_order":0,"comment_status":"closed","ping_status":"closed","template":"template\/full-width-template.php","meta":{"om_disable_all_campaigns":false,"inline_featured_image":false,"footnotes":""},"class_list":["post-1526","page","type-page","status-publish","hentry"],"_links":{"self":[{"href":"https:\/\/lumenimagen.com\/nuevo\/wp-json\/wp\/v2\/pages\/1526","targetHints":{"allow":["GET"]}}],"collection":[{"href":"https:\/\/lumenimagen.com\/nuevo\/wp-json\/wp\/v2\/pages"}],"about":[{"href":"https:\/\/lumenimagen.com\/nuevo\/wp-json\/wp\/v2\/types\/page"}],"author":[{"embeddable":true,"href":"https:\/\/lumenimagen.com\/nuevo\/wp-json\/wp\/v2\/users\/2"}],"replies":[{"embeddable":true,"href":"https:\/\/lumenimagen.com\/nuevo\/wp-json\/wp\/v2\/comments?post=1526"}],"version-history":[{"count":100,"href":"https:\/\/lumenimagen.com\/nuevo\/wp-json\/wp\/v2\/pages\/1526\/revisions"}],"predecessor-version":[{"id":3199,"href":"https:\/\/lumenimagen.com\/nuevo\/wp-json\/wp\/v2\/pages\/1526\/revisions\/3199"}],"wp:attachment":[{"href":"https:\/\/lumenimagen.com\/nuevo\/wp-json\/wp\/v2\/media?parent=1526"}],"curies":[{"name":"wp","href":"https:\/\/api.w.org\/{rel}","templated":true}]}}