{"id":1505,"date":"2022-03-30T15:23:47","date_gmt":"2022-03-30T15:23:47","guid":{"rendered":"https:\/\/lumenimagen.com\/nuevo\/?page_id=1505"},"modified":"2024-09-18T04:47:34","modified_gmt":"2024-09-18T04:47:34","slug":"inicio","status":"publish","type":"page","link":"https:\/\/lumenimagen.com\/nuevo\/","title":{"rendered":"Inicio"},"content":{"rendered":"<p><small><br \/>\n                                <\/small><\/p>\n<h1>\n                                    Desarrollo e Innovaci\u00f3n                                <\/h1>\n<p>                                <a href=\"\"><br \/>\n                                                                            <\/a><br \/>\n                            <!-- slider content wrap end --><br \/>\n                            <!-- col end--><br \/>\n                        <!-- row end--><br \/>\n                <!-- Container end --><br \/>\n                                <small><br \/>\n                                <\/small><\/p>\n<h1>\n                                    Solidez y Expansi\u00f3n                                <\/h1>\n<p>                                <a href=\"\"><br \/>\n                                                                            <\/a><br \/>\n                            <!-- slider content wrap end --><br \/>\n                            <!-- col end--><br \/>\n                        <!-- row end--><br \/>\n                <!-- Container end --><br \/>\n                                <small><br \/>\n                                <\/small><\/p>\n<h1>\n                                    Calidad y Experiencia                                <\/h1>\n<p>                                <a href=\"\"><br \/>\n                                                                            <\/a><br \/>\n                            <!-- slider content wrap end --><br \/>\n                            <!-- col end--><br \/>\n                        <!-- row end--><br \/>\n                <!-- Container end --><br \/>\n                                <small><br \/>\n                                <\/small><\/p>\n<h1>\n                                    Confianza y Determinaci\u00f3n                                <\/h1>\n<p>                                <a href=\"\"><br \/>\n                                                                            <\/a><br \/>\n                            <!-- slider content wrap end --><br \/>\n                            <!-- col end--><br \/>\n                        <!-- row end--><br \/>\n                <!-- Container end --><br \/>\n                  <small>Sobre Nosotros<\/small><\/p>\n<h2>\n                 Somos Especialistas            <\/h2>\n<p>         <!-- Section title --><br \/>\n\t\tNuestro trabajo cuenta con un respaldo certificado.<br \/>\n\t\t\t\t\t\t\t\t\t\t\t\t\t<img decoding=\"async\" src=\"https:\/\/lumenimagen.com\/nuevo\/wp-content\/uploads\/2022\/05\/Logotipos-de-certificaciones_RUC.svg\" title=\"RUC\" alt=\"RUC\" loading=\"lazy\" \/><br \/>\n\t\t\t\t\t\t\t\t\t\t\t\t\t<img decoding=\"async\" src=\"https:\/\/lumenimagen.com\/nuevo\/wp-content\/uploads\/2022\/05\/Logotipos-de-certificaciones_SGS.svg\" title=\"SGS\" alt=\"SGS\" loading=\"lazy\" \/><br \/>\n\t\t\t\t\t\t\t\t\t\t\t\t\t<img decoding=\"async\" src=\"https:\/\/lumenimagen.com\/nuevo\/wp-content\/uploads\/2022\/05\/Logotipos-de-certificaciones_MCS.svg\" title=\"MCS\" alt=\"MCS\" loading=\"lazy\" \/><br \/>\n\t\t\t\t\t\t\t\t\t\t\t\t\t<img decoding=\"async\" src=\"https:\/\/lumenimagen.com\/nuevo\/wp-content\/uploads\/2022\/05\/Logotipos-de-certificaciones_CCS.svg\" title=\"CCS\" alt=\"CCS\" loading=\"lazy\" \/><br \/>\n\t\t\t<a href=\"https:\/\/lumenimagen.com\/nuevo\/nosotros\/\"><br \/>\n\t\t\t\t\t\t\t\t\tLeer M\u00e1s<br \/>\n\t\t\t\t\t<\/a><br \/>\n\t\t\t\t\t\t\t\t\t\t\t\t\t<img loading=\"lazy\" decoding=\"async\" width=\"421\" height=\"100\" src=\"https:\/\/lumenimagen.com\/nuevo\/wp-content\/uploads\/2022\/03\/Lumen-Graphics_Logotipo-Blanco.svg\" alt=\"Lumen Graphics_Logotipo Blanco\" \/><br \/>\n                  <small>Nuestra Imagen<\/small><\/p>\n<h2>\n                 ES SU MARCA            <\/h2>\n<p>         <!-- Section title --><br \/>\n\t\t\t<a href=\"#testimonios\"><br \/>\n\t\t\t\t\t\t\t\t\tTestimonios<br \/>\n\t\t\t\t\t<\/a><br \/>\n                  <small>Nuestra Oferta<\/small><\/p>\n<h2>\n                 Servicios Estrat\u00e9gicos            <\/h2>\n<p>         <!-- Section title --><br \/>\n                        <a href=\"https:\/\/lumenimagen.com\/nuevo\/service\/fabricacion-de-avisos-y-senalizacion\/\"><br \/>\n                           <img decoding=\"async\" src=\"https:\/\/lumenimagen.com\/nuevo\/wp-content\/uploads\/2019\/04\/Fabricacion-de-avisos-1024x683.jpg\" alt=\"Fabricaci\u00f3n de Avisos y Se\u00f1alizaci\u00f3n\"><br \/>\n                        <\/a><br \/>\n                        <i> <\/i><\/p>\n<h3><a href=\"https:\/\/lumenimagen.com\/nuevo\/service\/fabricacion-de-avisos-y-senalizacion\/\">Fabricaci\u00f3n de Avisos y Se\u00f1alizaci\u00f3n<\/a><\/h3>\n<\/p>\n<p>                        <a href=\"https:\/\/lumenimagen.com\/nuevo\/service\/imagen-corporativa\/\"><br \/>\n                           <img decoding=\"async\" src=\"https:\/\/lumenimagen.com\/nuevo\/wp-content\/uploads\/2022\/09\/Imagen-Corporativa-1-1024x683.jpg\" alt=\"Imagen Corporativa\"><br \/>\n                        <\/a><br \/>\n                        <i> <\/i><\/p>\n<h3><a href=\"https:\/\/lumenimagen.com\/nuevo\/service\/imagen-corporativa\/\">Imagen Corporativa<\/a><\/h3>\n<\/p>\n<p>                        <a href=\"https:\/\/lumenimagen.com\/nuevo\/service\/consultoria\/\"><br \/>\n                           <img decoding=\"async\" src=\"https:\/\/lumenimagen.com\/nuevo\/wp-content\/uploads\/2022\/09\/Consultoria-1024x683.jpg\" alt=\"Consultor\u00eda\"><br \/>\n                        <\/a><br \/>\n                        <i> <\/i><\/p>\n<h3><a href=\"https:\/\/lumenimagen.com\/nuevo\/service\/consultoria\/\">Consultor\u00eda<\/a><\/h3>\n<\/p>\n<p>                        <a href=\"https:\/\/lumenimagen.com\/nuevo\/service\/mantenimiento-de-imagen-de-eds\/\"><br \/>\n                           <img decoding=\"async\" src=\"https:\/\/lumenimagen.com\/nuevo\/wp-content\/uploads\/2022\/09\/MANT.-EDS-1024x683.jpg\" alt=\"Mantenimiento de Imagen de EDS\"><br \/>\n                        <\/a><br \/>\n                        <i> <\/i><\/p>\n<h3><a href=\"https:\/\/lumenimagen.com\/nuevo\/service\/mantenimiento-de-imagen-de-eds\/\">Mantenimiento de Imagen de EDS<\/a><\/h3>\n<\/p>\n<p>                        <a href=\"https:\/\/lumenimagen.com\/nuevo\/service\/mantenimiento-de-avisos\/\"><br \/>\n                           <img decoding=\"async\" src=\"https:\/\/lumenimagen.com\/nuevo\/wp-content\/uploads\/2022\/09\/MANT.-AVISO-1024x683.jpg\" alt=\"Mantenimiento de Avisos\"><br \/>\n                        <\/a><br \/>\n                        <i> <\/i><\/p>\n<h3><a href=\"https:\/\/lumenimagen.com\/nuevo\/service\/mantenimiento-de-avisos\/\">Mantenimiento de Avisos<\/a><\/h3>\n<\/p>\n<p>                        <a href=\"https:\/\/lumenimagen.com\/nuevo\/service\/servicios-complementarios\/\"><br \/>\n                           <img decoding=\"async\" src=\"https:\/\/lumenimagen.com\/nuevo\/wp-content\/uploads\/2022\/09\/SERV-COMPLEMENTO-1024x683.jpg\" alt=\"Servicios Complementarios\"><br \/>\n                        <\/a><br \/>\n                        <i> <\/i><\/p>\n<h3><a href=\"https:\/\/lumenimagen.com\/nuevo\/service\/servicios-complementarios\/\">Servicios Complementarios<\/a><\/h3>\n<\/p>\n<p>                  <small>Testimonos<\/small><\/p>\n<h2>\n                 Clientes Satisfechos            <\/h2>\n<p>         <!-- Section title -->\t\t<\/p>\n<p>\n                            \u201cEn Lumen Graphics hemos encontrado no solo una compa\u00f1\u00eda de experiencia en el mercado, con un excelente soporte t\u00e9cnico y comercial, sino tambi\u00e9n un valioso equipo de trabajo con personas comprometidas, dispuestas a brindar un servicio acorde a las necesidades del negocio; Con las habilidades y competencias necesarias para desarrollar en conjunto una gran variedad de proyectos que nos permite dar a conocer nuestra imagen corporativa a nivel nacional.\u201d                        <\/p>\n<p>                                                        <img decoding=\"async\" src=\"https:\/\/lumenimagen.com\/nuevo\/wp-content\/uploads\/2022\/04\/Biomax.png\" alt=\"Ingeniero de Proyectos\"><\/p>\n<h3>Ingeniero de ProyectosBiomax<\/h3>\n<p>                            <!-- end testimonial info --><br \/>\n                        <!-- end testimonial footer --><br \/>\n                <!-- end single testimonial --><br \/>\n                      <!-- testimonial-carousel end --><br \/>\n        <!-- end col --><br \/>\n    <!-- end row --><br \/>\n                  <small>Categor\u00edas<\/small><\/p>\n<h2>\n                 Proyectos por Categor\u00edas            <\/h2>\n<p>         <!-- Section title --><br \/>\n\t\tSomos una empresa del sector de la industria gr\u00e1fica con 11 a\u00f1os<br \/>\nde experiencia en el mercado de la producci\u00f3n gr\u00e1fica<br \/>\nespecializados en los proyectos de suministro y mantenimiento.<br \/>\n                                             <i> <\/i><\/p>\n<h4>Estaciones de Servicio<\/h4>\n<p>                                                               <i> <\/i><\/p>\n<h4>Estaciones de Servicio<\/h4>\n<p>Lumen Graphics<\/p>\n<p>                                    <a href=\"https:\/\/lumenimagen.com\/nuevo\/project\/estaciones-de-servicio\/\">Leer M\u00e1s<\/a><br \/>\n                                                         <!-- Project info content --><br \/>\n                     <!-- Projection info end --><br \/>\n                <!-- Single Project end --><br \/>\n            <!-- col end --><br \/>\n                                             <i> <\/i><\/p>\n<h4>Financiero<\/h4>\n<p>                                                               <i> <\/i><\/p>\n<h4>Financiero<\/h4>\n<p>Lumen Graphics<\/p>\n<p>                                    <a href=\"https:\/\/lumenimagen.com\/nuevo\/project\/financiero\/\">Leer M\u00e1s<\/a><br \/>\n                                                         <!-- Project info content --><br \/>\n                     <!-- Projection info end --><br \/>\n                <!-- Single Project end --><br \/>\n            <!-- col end --><br \/>\n                                             <i> <\/i><\/p>\n<h4>Grandes Superficies<\/h4>\n<p>                                                               <i> <\/i><\/p>\n<h4>Grandes Superficies<\/h4>\n<p>Lumen Graphics<\/p>\n<p>                                    <a href=\"https:\/\/lumenimagen.com\/nuevo\/project\/grandes-superficies\/\">Leer M\u00e1s<\/a><br \/>\n                                                         <!-- Project info content --><br \/>\n                     <!-- Projection info end --><br \/>\n                <!-- Single Project end --><br \/>\n            <!-- col end --><br \/>\n                                             <i> <\/i><\/p>\n<h4>Salud<\/h4>\n<p>                                                               <i> <\/i><\/p>\n<h4>Salud<\/h4>\n<p>Lumen Graphics<\/p>\n<p>                                    <a href=\"https:\/\/lumenimagen.com\/nuevo\/project\/salud\/\">Leer M\u00e1s<\/a><br \/>\n                                                         <!-- Project info content --><br \/>\n                     <!-- Projection info end --><br \/>\n                <!-- Single Project end --><br \/>\n            <!-- col end --><br \/>\n      <!-- ts-features end --><\/p>\n<figure><img decoding=\"async\" src=\"https:\/\/lumenimagen.com\/nuevo\/wp-content\/uploads\/2022\/03\/Clientes_Zeuss.svg\" alt=\"Clientes_Zeuss\" \/><\/figure>\n<figure><img decoding=\"async\" src=\"https:\/\/lumenimagen.com\/nuevo\/wp-content\/uploads\/2022\/03\/Clientes_Texaco.svg\" alt=\"Clientes_Texaco\" \/><\/figure>\n<figure><img decoding=\"async\" src=\"https:\/\/lumenimagen.com\/nuevo\/wp-content\/uploads\/2022\/03\/Clientes_Shell.svg\" alt=\"Clientes_Shell\" \/><\/figure>\n<figure><img decoding=\"async\" src=\"https:\/\/lumenimagen.com\/nuevo\/wp-content\/uploads\/2022\/03\/Clientes_Primax.svg\" alt=\"Clientes_Primax\" \/><\/figure>\n<figure><img decoding=\"async\" src=\"https:\/\/lumenimagen.com\/nuevo\/wp-content\/uploads\/2022\/03\/Clientes_Petrommil.svg\" alt=\"Clientes_Petrommil\" \/><\/figure>\n<figure><img decoding=\"async\" src=\"https:\/\/lumenimagen.com\/nuevo\/wp-content\/uploads\/2022\/03\/Clientes_Parque-Alegra.svg\" alt=\"Clientes_Parque Alegra\" \/><\/figure>\n<figure><img decoding=\"async\" src=\"https:\/\/lumenimagen.com\/nuevo\/wp-content\/uploads\/2022\/03\/Clientes_Olimpica.svg\" alt=\"Clientes_Olimpica\" \/><\/figure>\n<figure><img decoding=\"async\" src=\"https:\/\/lumenimagen.com\/nuevo\/wp-content\/uploads\/2022\/03\/Clientes_Grupo-Coomeva.svg\" alt=\"Clientes_Grupo Coomeva\" \/><\/figure>\n<figure><img decoding=\"async\" src=\"https:\/\/lumenimagen.com\/nuevo\/wp-content\/uploads\/2022\/03\/Clientes_Estinsa.svg\" alt=\"Clientes_Estinsa\" \/><\/figure>\n<figure><img decoding=\"async\" src=\"https:\/\/lumenimagen.com\/nuevo\/wp-content\/uploads\/2022\/03\/Clientes_Ecos.svg\" alt=\"Clientes_Ecos\" \/><\/figure>\n<figure><img decoding=\"async\" src=\"https:\/\/lumenimagen.com\/nuevo\/wp-content\/uploads\/2022\/03\/Clientes_Distracom.svg\" alt=\"Clientes_Distracom\" \/><\/figure>\n<figure><img decoding=\"async\" src=\"https:\/\/lumenimagen.com\/nuevo\/wp-content\/uploads\/2022\/03\/Clientes_Delta.svg\" alt=\"Clientes_Delta\" \/><\/figure>\n<figure><img decoding=\"async\" src=\"https:\/\/lumenimagen.com\/nuevo\/wp-content\/uploads\/2022\/03\/Clientes_Decorceramica.svg\" alt=\"Clientes_Decorceramica\" \/><\/figure>\n<figure><img decoding=\"async\" src=\"https:\/\/lumenimagen.com\/nuevo\/wp-content\/uploads\/2022\/03\/Clientes_Combuscol.svg\" alt=\"Clientes_Combuscol\" \/><\/figure>\n<figure><img decoding=\"async\" src=\"https:\/\/lumenimagen.com\/nuevo\/wp-content\/uploads\/2022\/03\/Clientes_Colchones-Romance-Relax.svg\" alt=\"Clientes_Colchones Romance Relax\" \/><\/figure>\n<figure><img decoding=\"async\" src=\"https:\/\/lumenimagen.com\/nuevo\/wp-content\/uploads\/2022\/03\/Clientes_Christus-Sinergia.svg\" alt=\"Clientes_Christus Sinergia\" \/><\/figure>\n<figure><img decoding=\"async\" src=\"https:\/\/lumenimagen.com\/nuevo\/wp-content\/uploads\/2022\/03\/Clientes_Brio.svg\" alt=\"Clientes_Brio\" \/><\/figure>\n<figure><img decoding=\"async\" src=\"https:\/\/lumenimagen.com\/nuevo\/wp-content\/uploads\/2022\/03\/Clientes_Biomax.svg\" alt=\"Clientes_Biomax\" \/><\/figure>\n<figure><img decoding=\"async\" src=\"https:\/\/lumenimagen.com\/nuevo\/wp-content\/uploads\/2022\/03\/Clientes_BBVA.svg\" alt=\"Clientes_BBVA\" \/><\/figure>\n<figure><img decoding=\"async\" src=\"https:\/\/lumenimagen.com\/nuevo\/wp-content\/uploads\/2022\/03\/Clientes_Bancolombia.svg\" alt=\"Clientes_Bancolombia\" \/><\/figure>\n<figure><img decoding=\"async\" src=\"https:\/\/lumenimagen.com\/nuevo\/wp-content\/uploads\/2022\/03\/Clientes_Banco-W.svg\" alt=\"Clientes_Banco W\" \/><\/figure>\n<figure><img decoding=\"async\" src=\"https:\/\/lumenimagen.com\/nuevo\/wp-content\/uploads\/2022\/03\/Clientes_Banco-de-Bogota.svg\" alt=\"Clientes_Banco de Bogota\" \/><\/figure>\n<figure><img decoding=\"async\" src=\"https:\/\/lumenimagen.com\/nuevo\/wp-content\/uploads\/2022\/03\/Clientes_Banco-Agrario-de-Colombia.svg\" alt=\"Clientes_Banco Agrario de Colombia\" \/><\/figure>\n<figure><img decoding=\"async\" src=\"https:\/\/lumenimagen.com\/nuevo\/wp-content\/uploads\/2022\/03\/Clientes_3M.svg\" alt=\"Clientes_3M\" \/><\/figure>\n<p>            <img decoding=\"async\" src=\"https:\/\/lumenimagen.com\/nuevo\/wp-content\/themes\/induxo\/assets\/images\/map.png\" alt=\"map \"><br \/>\n               Colombia<\/h2>\n<p class='location-des'> Soledad<br \/>Calle 30 KM 7 260 Carretera Aeropuerto Municipio de Soledad (Atl).<br \/>\nCali<br \/>Calle 58 Norte No 1 N &#8211; 15 Flora Industrial <\/p>\n<p class='location-des'> Tel:  +57 310 485 7716<br \/>Email: coordinadorcomercial@lumenimagen.com <\/p>\n<p>\u00bb ><br \/>\n               Panam\u00e1<\/h2>\n<p class='location-des'>\n<p class='location-des'> Tel:  +57 310 485 7716<br \/>Email: coordinadorcomercial@lumenimagen.com <\/p>\n<p>\u00bb ><br \/>\n               Per\u00fa<\/h2>\n<p class='location-des'> Chorrillos<br \/>Alameda Los Horizontes # 825<br \/>Los Cedros de Villa<br \/>Lima, Per\u00fa <\/p>\n<p class='location-des'> Tel:  +57 310 485 7716<br \/>Email: coordinadorcomercial@lumenimagen.com <\/p>\n<p>\u00bb ><\/p>\n","protected":false},"excerpt":{"rendered":"<p>Desarrollo e Innovaci\u00f3n Solidez y Expansi\u00f3n Calidad y Experiencia Confianza y Determinaci\u00f3n Sobre Nosotros Somos Especialistas Nuestro trabajo cuenta con un respaldo certificado. Leer M\u00e1s Nuestra Imagen ES SU MARCA Testimonios Nuestra Oferta Servicios Estrat\u00e9gicos Fabricaci\u00f3n de Avisos y Se\u00f1alizaci\u00f3n Imagen Corporativa Consultor\u00eda Mantenimiento de Imagen de EDS Mantenimiento de Avisos Servicios Complementarios Testimonos Clientes [&hellip;]<\/p>\n","protected":false},"author":2,"featured_media":0,"parent":0,"menu_order":0,"comment_status":"closed","ping_status":"closed","template":"template\/homepage-template.php","meta":{"om_disable_all_campaigns":false,"inline_featured_image":false,"footnotes":""},"class_list":["post-1505","page","type-page","status-publish","hentry"],"_links":{"self":[{"href":"https:\/\/lumenimagen.com\/nuevo\/wp-json\/wp\/v2\/pages\/1505","targetHints":{"allow":["GET"]}}],"collection":[{"href":"https:\/\/lumenimagen.com\/nuevo\/wp-json\/wp\/v2\/pages"}],"about":[{"href":"https:\/\/lumenimagen.com\/nuevo\/wp-json\/wp\/v2\/types\/page"}],"author":[{"embeddable":true,"href":"https:\/\/lumenimagen.com\/nuevo\/wp-json\/wp\/v2\/users\/2"}],"replies":[{"embeddable":true,"href":"https:\/\/lumenimagen.com\/nuevo\/wp-json\/wp\/v2\/comments?post=1505"}],"version-history":[{"count":320,"href":"https:\/\/lumenimagen.com\/nuevo\/wp-json\/wp\/v2\/pages\/1505\/revisions"}],"predecessor-version":[{"id":3190,"href":"https:\/\/lumenimagen.com\/nuevo\/wp-json\/wp\/v2\/pages\/1505\/revisions\/3190"}],"wp:attachment":[{"href":"https:\/\/lumenimagen.com\/nuevo\/wp-json\/wp\/v2\/media?parent=1505"}],"curies":[{"name":"wp","href":"https:\/\/api.w.org\/{rel}","templated":true}]}}